{"id":5131,"date":"2024-09-21T15:51:39","date_gmt":"2024-09-21T13:51:39","guid":{"rendered":"https:\/\/pierremacario.fr\/?page_id=5131"},"modified":"2025-03-30T00:50:25","modified_gmt":"2025-03-29T23:50:25","slug":"contact-et-prise-de-rendez-vous","status":"publish","type":"page","link":"https:\/\/pierremacario.fr\/index.php\/contact-et-prise-de-rendez-vous\/","title":{"rendered":"Contact"},"content":{"rendered":"\t\t<div data-elementor-type=\"wp-page\" data-elementor-id=\"5131\" class=\"elementor elementor-5131\">\n\t\t\t\t\t\t<section class=\"elementor-section elementor-top-section elementor-element elementor-element-0903e93 elementor-section-stretched elementor-section-height-min-height elementor-section-boxed elementor-section-height-default elementor-section-items-middle\" data-id=\"0903e93\" data-element_type=\"section\" data-e-type=\"section\" id=\"contact\" data-settings=\"{&quot;stretch_section&quot;:&quot;section-stretched&quot;,&quot;background_background&quot;:&quot;classic&quot;,&quot;shape_divider_bottom&quot;:&quot;mountains&quot;}\">\n\t\t\t\t\t<div class=\"elementor-shape elementor-shape-bottom\" aria-hidden=\"true\" data-negative=\"false\">\n\t\t\t<svg xmlns=\"http:\/\/www.w3.org\/2000\/svg\" viewBox=\"0 0 1000 100\" preserveAspectRatio=\"none\">\n\t<path class=\"elementor-shape-fill\" opacity=\"0.33\" d=\"M473,67.3c-203.9,88.3-263.1-34-320.3,0C66,119.1,0,59.7,0,59.7V0h1000v59.7 c0,0-62.1,26.1-94.9,29.3c-32.8,3.3-62.8-12.3-75.8-22.1C806,49.6,745.3,8.7,694.9,4.7S492.4,59,473,67.3z\"\/>\n\t<path class=\"elementor-shape-fill\" opacity=\"0.66\" d=\"M734,67.3c-45.5,0-77.2-23.2-129.1-39.1c-28.6-8.7-150.3-10.1-254,39.1 s-91.7-34.4-149.2,0C115.7,118.3,0,39.8,0,39.8V0h1000v36.5c0,0-28.2-18.5-92.1-18.5C810.2,18.1,775.7,67.3,734,67.3z\"\/>\n\t<path class=\"elementor-shape-fill\" d=\"M766.1,28.9c-200-57.5-266,65.5-395.1,19.5C242,1.8,242,5.4,184.8,20.6C128,35.8,132.3,44.9,89.9,52.5C28.6,63.7,0,0,0,0 h1000c0,0-9.9,40.9-83.6,48.1S829.6,47,766.1,28.9z\"\/>\n<\/svg>\t\t<\/div>\n\t\t\t\t\t<div class=\"elementor-container elementor-column-gap-default\">\n\t\t\t\t\t<div class=\"elementor-column elementor-col-100 elementor-top-column elementor-element elementor-element-26bb68d\" data-id=\"26bb68d\" data-element_type=\"column\" data-e-type=\"column\">\n\t\t\t<div class=\"elementor-widget-wrap elementor-element-populated\">\n\t\t\t\t\t\t<div class=\"elementor-element elementor-element-157fe58 elementor-hidden-desktop elementor-hidden-tablet elementor-widget elementor-widget-spacer\" data-id=\"157fe58\" data-element_type=\"widget\" data-e-type=\"widget\" data-widget_type=\"spacer.default\">\n\t\t\t\t<div class=\"elementor-widget-container\">\n\t\t\t\t\t\t\t<div class=\"elementor-spacer\">\n\t\t\t<div class=\"elementor-spacer-inner\"><\/div>\n\t\t<\/div>\n\t\t\t\t\t\t<\/div>\n\t\t\t\t<\/div>\n\t\t\t\t<div class=\"elementor-element elementor-element-f119f6e animated-slow elementor-widget-tablet__width-initial elementor-widget__width-initial elementor-widget-mobile__width-initial elementor-invisible elementor-widget elementor-widget-heading\" data-id=\"f119f6e\" data-element_type=\"widget\" data-e-type=\"widget\" data-settings=\"{&quot;_animation&quot;:&quot;fadeIn&quot;}\" data-widget_type=\"heading.default\">\n\t\t\t\t<div class=\"elementor-widget-container\">\n\t\t\t\t\t<h2 class=\"elementor-heading-title elementor-size-default\">Contact &amp;<br>Prise de RDV<\/h2>\t\t\t\t<\/div>\n\t\t\t\t<\/div>\n\t\t\t\t\t<\/div>\n\t\t<\/div>\n\t\t\t\t\t<\/div>\n\t\t<\/section>\n\t\t\t\t<section class=\"elementor-section elementor-top-section elementor-element elementor-element-20f1acf elementor-section-stretched elementor-section-boxed elementor-section-height-default elementor-section-height-default\" data-id=\"20f1acf\" data-element_type=\"section\" data-e-type=\"section\" data-settings=\"{&quot;stretch_section&quot;:&quot;section-stretched&quot;,&quot;animation_mobile&quot;:&quot;zoomIn&quot;}\">\n\t\t\t\t\t\t\t<div class=\"elementor-background-overlay\"><\/div>\n\t\t\t\t\t\t\t<div class=\"elementor-container elementor-column-gap-default\">\n\t\t\t\t\t<div class=\"elementor-column elementor-col-100 elementor-top-column elementor-element elementor-element-7e86211\" data-id=\"7e86211\" data-element_type=\"column\" data-e-type=\"column\">\n\t\t\t<div class=\"elementor-widget-wrap elementor-element-populated\">\n\t\t\t\t\t\t<div class=\"elementor-element elementor-element-1b9b2e8 elementor-insivible elementor-invisible elementor-widget elementor-widget-heading\" data-id=\"1b9b2e8\" data-element_type=\"widget\" data-e-type=\"widget\" data-settings=\"{&quot;_animation&quot;:&quot;fadeIn&quot;,&quot;_animation_mobile&quot;:&quot;none&quot;}\" data-widget_type=\"heading.default\">\n\t\t\t\t<div class=\"elementor-widget-container\">\n\t\t\t\t\t<h2 class=\"elementor-heading-title elementor-size-default\">Pour prendre rendez-vous, vous pouvez\nme contacter par t\u00e9l\u00e9phone au<b> 06 61 08 18 08, <\/b> ou en envoyant un email \u00e0 <b>contact@pierremacario.fr<p><\/p><\/b><p style=\"margin-bottom: 0cm\"><b><\/b> Si je ne suis pas joignable, <b>veuillez\nlaisser un message <\/b>avec votre nom et vos coordonn\u00e9es afin que je\npuisse vous rappeler.<br><br><\/p><p style=\"margin-bottom: 0cm\">Veuillez noter que<b> je vous rappellerai pour un premier\n\u00e9change<\/b> t\u00e9l\u00e9phonique et pour confirmer le rendez-vous.<\/p><p style=\"margin-bottom: 0cm\"><\/p><\/h2>\t\t\t\t<\/div>\n\t\t\t\t<\/div>\n\t\t\t\t<div class=\"elementor-element elementor-element-0cfe713 elementor-widget elementor-widget-image\" data-id=\"0cfe713\" data-element_type=\"widget\" data-e-type=\"widget\" data-widget_type=\"image.default\">\n\t\t\t\t<div class=\"elementor-widget-container\">\n\t\t\t\t\t\t\t\t\t\t\t\t\t\t\t<img fetchpriority=\"high\" decoding=\"async\" width=\"1024\" height=\"558\" src=\"https:\/\/pierremacario.fr\/wp-content\/uploads\/2025\/02\/Cabinet-1024x558.png\" class=\"attachment-large size-large wp-image-7469\" alt=\"\" srcset=\"https:\/\/pierremacario.fr\/wp-content\/uploads\/2025\/02\/Cabinet-1024x558.png 1024w, https:\/\/pierremacario.fr\/wp-content\/uploads\/2025\/02\/Cabinet-300x164.png 300w, https:\/\/pierremacario.fr\/wp-content\/uploads\/2025\/02\/Cabinet-768x419.png 768w, https:\/\/pierremacario.fr\/wp-content\/uploads\/2025\/02\/Cabinet-1536x838.png 1536w, https:\/\/pierremacario.fr\/wp-content\/uploads\/2025\/02\/Cabinet.png 1700w\" sizes=\"(max-width: 1024px) 100vw, 1024px\" \/>\t\t\t\t\t\t\t\t\t\t\t\t\t\t\t<\/div>\n\t\t\t\t<\/div>\n\t\t\t\t<div class=\"elementor-element elementor-element-c3efab8 elementor-widget elementor-widget-heading\" data-id=\"c3efab8\" data-element_type=\"widget\" data-e-type=\"widget\" data-settings=\"{&quot;_animation&quot;:&quot;none&quot;}\" data-widget_type=\"heading.default\">\n\t\t\t\t<div class=\"elementor-widget-container\">\n\t\t\t\t\t<h2 class=\"elementor-heading-title elementor-size-default\">Le cabinet se trouve au <b>1 rue des Paradoux <\/b> \u00e0 Toulouse (31000), dans le <b>quartier des Carmes<\/b><br><br>Se trouve 3 minutes \u00e0 pied de <b>l'arr\u00eat de m\u00e9tro Carmes<\/b> (Ligne B) ainsi que du parking des Carmes.<\/h2>\t\t\t\t<\/div>\n\t\t\t\t<\/div>\n\t\t\t\t<div class=\"elementor-element elementor-element-9f73750 elementor-widget elementor-widget-google_maps\" data-id=\"9f73750\" data-element_type=\"widget\" data-e-type=\"widget\" data-widget_type=\"google_maps.default\">\n\t\t\t\t<div class=\"elementor-widget-container\">\n\t\t\t\t\t\t\t<div class=\"elementor-custom-embed\">\n\t\t\t<iframe loading=\"lazy\"\n\t\t\t\t\tsrc=\"https:\/\/maps.google.com\/maps?q=1%20rue%20des%20paradoux&#038;t=m&#038;z=15&#038;output=embed&#038;iwloc=near\"\n\t\t\t\t\ttitle=\"1 rue des paradoux\"\n\t\t\t\t\taria-label=\"1 rue des paradoux\"\n\t\t\t><\/iframe>\n\t\t<\/div>\n\t\t\t\t\t\t<\/div>\n\t\t\t\t<\/div>\n\t\t\t\t\t<\/div>\n\t\t<\/div>\n\t\t\t\t\t<\/div>\n\t\t<\/section>\n\t\t\t\t<section class=\"elementor-section elementor-top-section elementor-element elementor-element-134e322 elementor-section-boxed elementor-section-height-default elementor-section-height-default\" data-id=\"134e322\" data-element_type=\"section\" data-e-type=\"section\">\n\t\t\t\t\t\t<div class=\"elementor-container elementor-column-gap-default\">\n\t\t\t\t\t<div class=\"elementor-column elementor-col-50 elementor-top-column elementor-element elementor-element-c9d7d67\" data-id=\"c9d7d67\" data-element_type=\"column\" data-e-type=\"column\">\n\t\t\t<div class=\"elementor-widget-wrap elementor-element-populated\">\n\t\t\t\t\t\t<div class=\"elementor-element elementor-element-55f87b1 elementor-widget elementor-widget-heading\" data-id=\"55f87b1\" data-element_type=\"widget\" data-e-type=\"widget\" data-widget_type=\"heading.default\">\n\t\t\t\t<div class=\"elementor-widget-container\">\n\t\t\t\t\t<h2 class=\"elementor-heading-title elementor-size-default\">Les autres th\u00e9rapeutes du cabinet des Paradoux :<\/h2>\t\t\t\t<\/div>\n\t\t\t\t<\/div>\n\t\t\t\t<div class=\"elementor-element elementor-element-724a78d elementor-widget elementor-widget-text-editor\" data-id=\"724a78d\" data-element_type=\"widget\" data-e-type=\"widget\" data-widget_type=\"text-editor.default\">\n\t\t\t\t<div class=\"elementor-widget-container\">\n\t\t\t\t\t\t\t\t\t<div class=\"et_pb_module et_pb_heading et_pb_heading_1 et_pb_bg_layout_\"><div class=\"et_pb_heading_container\"><p class=\"et_pb_module_heading\"><strong>Val\u00e9rie Font &#8211; Sophrologue<\/strong><\/p><\/div><\/div><p>Avec son approche bienveillante et professionnelle, <a title=\"sophrologue \u00e0 Toulouse\" href=\"https:\/\/valeriefont-sophrologue.fr\/\" target=\"_blank\" rel=\"noopener\">Val\u00e9rie Font<\/a>, sophrologue certifi\u00e9e, vous accompagne dans votre bien-\u00eatre mental et \u00e9motionnel. Elle vous aide \u00e0 g\u00e9rer le stress, am\u00e9liorer la qualit\u00e9 du sommeil et d\u00e9velopper une meilleure conscience de vous-m\u00eame.<\/p>\t\t\t\t\t\t\t\t<\/div>\n\t\t\t\t<\/div>\n\t\t\t\t<div class=\"elementor-element elementor-element-4f56df0 elementor-widget-tablet__width-initial elementor-widget elementor-widget-text-editor\" data-id=\"4f56df0\" data-element_type=\"widget\" data-e-type=\"widget\" data-widget_type=\"text-editor.default\">\n\t\t\t\t<div class=\"elementor-widget-container\">\n\t\t\t\t\t\t\t\t\t<p><b>Anne Gaudil\u00e8re &#8211; R\u00e9flexologue <br \/><\/b><\/p><p>R\u00e9flexologue certifi\u00e9e, <a class=\"wixui-rich-text__text\" title=\"R\u00e9flexologue \u00e0 Toulouse\" spellcheck=\"false\" href=\"https:\/\/www.anne-reflexologue31.fr\/\" target=\"_blank\" rel=\"noopener\">Anne Gaudill\u00e8re<\/a> vous accompagne dans votre bien-\u00eatre avec des techniques de r\u00e9flexologie plantaire et palmaire. Elle aide \u00e0 soulager le stress, r\u00e9duire les tensions et am\u00e9liorer la circulation \u00e9nerg\u00e9tique.<\/p>\t\t\t\t\t\t\t\t<\/div>\n\t\t\t\t<\/div>\n\t\t\t\t<div class=\"elementor-element elementor-element-0ac0089 elementor-widget elementor-widget-text-editor\" data-id=\"0ac0089\" data-element_type=\"widget\" data-e-type=\"widget\" data-widget_type=\"text-editor.default\">\n\t\t\t\t<div class=\"elementor-widget-container\">\n\t\t\t\t\t\t\t\t\t<p><b>J\u00e9r\u00e9mie Gamer &#8211; Masso-th\u00e9rapeute<\/b><\/p>\n<p>Masseur certifi\u00e9, <a href=\"https:\/\/www.corps-en-harmonie.fr\/\">J\u00e9r\u00e9mie Gamer<\/a> vous propose une parenth\u00e8se de d\u00e9tente et de bien \u00eatre dans son salon de massage au&nbsp;<span class=\"BxUVEf ILfuVd\" lang=\"fr\"><span class=\"hgKElc\">c\u0153ur <\/span><\/span> des Carmes. Des techniques vari\u00e9es (telles que les massages ayurv\u00e9dique et californiens), sont con\u00e7ues pour apaiser le corps et l\u2019esprit et vous apporter \u00e9quilibre et s\u00e9r\u00e9nit\u00e9.<\/p>\t\t\t\t\t\t\t\t<\/div>\n\t\t\t\t<\/div>\n\t\t\t\t\t<\/div>\n\t\t<\/div>\n\t\t\t\t<div class=\"elementor-column elementor-col-50 elementor-top-column elementor-element elementor-element-19b6f5a\" data-id=\"19b6f5a\" data-element_type=\"column\" data-e-type=\"column\">\n\t\t\t<div class=\"elementor-widget-wrap elementor-element-populated\">\n\t\t\t\t\t\t<div class=\"elementor-element elementor-element-2833f22 elementor-button-info elementor-hidden-tablet elementor-hidden-mobile elementor-widget elementor-widget-button\" data-id=\"2833f22\" data-element_type=\"widget\" data-e-type=\"widget\" data-widget_type=\"button.default\">\n\t\t\t\t<div class=\"elementor-widget-container\">\n\t\t\t\t\t\t\t\t\t<div class=\"elementor-button-wrapper\">\n\t\t\t\t\t<a class=\"elementor-button elementor-button-link elementor-size-sm\" href=\"https:\/\/www.valeriefont-sophrologue.fr\/\">\n\t\t\t\t\t\t<span class=\"elementor-button-content-wrapper\">\n\t\t\t\t\t\t\t\t\t<span class=\"elementor-button-text\">Visiter le site<\/span>\n\t\t\t\t\t<\/span>\n\t\t\t\t\t<\/a>\n\t\t\t\t<\/div>\n\t\t\t\t\t\t\t\t<\/div>\n\t\t\t\t<\/div>\n\t\t\t\t<div class=\"elementor-element elementor-element-44fd512 elementor-button-info elementor-hidden-tablet elementor-hidden-mobile elementor-widget elementor-widget-button\" data-id=\"44fd512\" data-element_type=\"widget\" data-e-type=\"widget\" data-widget_type=\"button.default\">\n\t\t\t\t<div class=\"elementor-widget-container\">\n\t\t\t\t\t\t\t\t\t<div class=\"elementor-button-wrapper\">\n\t\t\t\t\t<a class=\"elementor-button elementor-button-link elementor-size-sm\" href=\"https:\/\/www.anne-reflexologue31.fr\">\n\t\t\t\t\t\t<span class=\"elementor-button-content-wrapper\">\n\t\t\t\t\t\t\t\t\t<span class=\"elementor-button-text\">Visiter le site<\/span>\n\t\t\t\t\t<\/span>\n\t\t\t\t\t<\/a>\n\t\t\t\t<\/div>\n\t\t\t\t\t\t\t\t<\/div>\n\t\t\t\t<\/div>\n\t\t\t\t<div class=\"elementor-element elementor-element-7f350b7 elementor-button-info elementor-hidden-tablet elementor-hidden-mobile elementor-widget elementor-widget-button\" data-id=\"7f350b7\" data-element_type=\"widget\" data-e-type=\"widget\" data-widget_type=\"button.default\">\n\t\t\t\t<div class=\"elementor-widget-container\">\n\t\t\t\t\t\t\t\t\t<div class=\"elementor-button-wrapper\">\n\t\t\t\t\t<a class=\"elementor-button elementor-button-link elementor-size-sm\" href=\"https:\/\/www.corps-en-harmonie.fr\/\">\n\t\t\t\t\t\t<span class=\"elementor-button-content-wrapper\">\n\t\t\t\t\t\t\t\t\t<span class=\"elementor-button-text\">Visiter le site<\/span>\n\t\t\t\t\t<\/span>\n\t\t\t\t\t<\/a>\n\t\t\t\t<\/div>\n\t\t\t\t\t\t\t\t<\/div>\n\t\t\t\t<\/div>\n\t\t\t\t\t<\/div>\n\t\t<\/div>\n\t\t\t\t\t<\/div>\n\t\t<\/section>\n\t\t\t\t<\/div>\n\t\t","protected":false},"excerpt":{"rendered":"<p>Contact &amp;Prise de RDV Pour prendre rendez-vous, vous pouvez me contacter par t\u00e9l\u00e9phone au 06 61 08 18 08, ou [&hellip;]<\/p>\n","protected":false},"author":1,"featured_media":0,"parent":0,"menu_order":0,"comment_status":"closed","ping_status":"closed","template":"","meta":{"site-sidebar-layout":"default","site-content-layout":"","ast-site-content-layout":"","site-content-style":"default","site-sidebar-style":"default","ast-global-header-display":"","ast-banner-title-visibility":"","ast-main-header-display":"","ast-hfb-above-header-display":"","ast-hfb-below-header-display":"","ast-hfb-mobile-header-display":"","site-post-title":"disabled","ast-breadcrumbs-content":"","ast-featured-img":"","footer-sml-layout":"","ast-disable-related-posts":"","theme-transparent-header-meta":"","adv-header-id-meta":"","stick-header-meta":"","header-above-stick-meta":"","header-main-stick-meta":"","header-below-stick-meta":"","astra-migrate-meta-layouts":"default","ast-page-background-enabled":"default","ast-page-background-meta":{"desktop":{"background-color":"var(--ast-global-color-4)","background-image":"","background-repeat":"repeat","background-position":"center center","background-size":"auto","background-attachment":"scroll","background-type":"","background-media":"","overlay-type":"","overlay-color":"","overlay-opacity":"","overlay-gradient":""},"tablet":{"background-color":"","background-image":"","background-repeat":"repeat","background-position":"center center","background-size":"auto","background-attachment":"scroll","background-type":"","background-media":"","overlay-type":"","overlay-color":"","overlay-opacity":"","overlay-gradient":""},"mobile":{"background-color":"","background-image":"","background-repeat":"repeat","background-position":"center center","background-size":"auto","background-attachment":"scroll","background-type":"","background-media":"","overlay-type":"","overlay-color":"","overlay-opacity":"","overlay-gradient":""}},"ast-content-background-meta":{"desktop":{"background-color":"var(--ast-global-color-5)","background-image":"","background-repeat":"repeat","background-position":"center center","background-size":"auto","background-attachment":"scroll","background-type":"","background-media":"","overlay-type":"","overlay-color":"","overlay-opacity":"","overlay-gradient":""},"tablet":{"background-color":"var(--ast-global-color-5)","background-image":"","background-repeat":"repeat","background-position":"center center","background-size":"auto","background-attachment":"scroll","background-type":"","background-media":"","overlay-type":"","overlay-color":"","overlay-opacity":"","overlay-gradient":""},"mobile":{"background-color":"var(--ast-global-color-5)","background-image":"","background-repeat":"repeat","background-position":"center center","background-size":"auto","background-attachment":"scroll","background-type":"","background-media":"","overlay-type":"","overlay-color":"","overlay-opacity":"","overlay-gradient":""}},"footnotes":""},"class_list":["post-5131","page","type-page","status-publish","hentry"],"yoast_head":"<!-- This site is optimized with the Yoast SEO plugin v24.6 - https:\/\/yoast.com\/wordpress\/plugins\/seo\/ -->\n<title>Contact et prise de rendez-vous<\/title>\n<meta name=\"description\" content=\"Pour prendre rendez-vous, vous pouvez me contacter par t\u00e9l\u00e9phone au 06 61 08 18 08 ou par email \u00e0 pierre.macario@yahoo.fr\" \/>\n<meta name=\"robots\" content=\"index, follow, max-snippet:-1, max-image-preview:large, max-video-preview:-1\" \/>\n<link rel=\"canonical\" href=\"https:\/\/pierremacario.fr\/index.php\/contact-et-prise-de-rendez-vous\/\" \/>\n<meta property=\"og:locale\" content=\"fr_FR\" \/>\n<meta property=\"og:type\" content=\"article\" \/>\n<meta property=\"og:title\" content=\"Contact et prise de rendez-vous\" \/>\n<meta property=\"og:description\" content=\"Pour prendre rendez-vous, vous pouvez me contacter par t\u00e9l\u00e9phone au 06 61 08 18 08 ou par email \u00e0 pierre.macario@yahoo.fr\" \/>\n<meta property=\"og:url\" content=\"https:\/\/pierremacario.fr\/index.php\/contact-et-prise-de-rendez-vous\/\" \/>\n<meta property=\"og:site_name\" content=\"Psychologue Toulouse Carmes\" \/>\n<meta property=\"article:modified_time\" content=\"2025-03-29T23:50:25+00:00\" \/>\n<meta property=\"og:image\" content=\"https:\/\/pierremacario.fr\/wp-content\/uploads\/2025\/02\/Cabinet-1024x558.png\" \/>\n<meta name=\"twitter:card\" content=\"summary_large_image\" \/>\n<meta name=\"twitter:label1\" content=\"Dur\u00e9e de lecture estim\u00e9e\" \/>\n\t<meta name=\"twitter:data1\" content=\"2 minutes\" \/>\n<script type=\"application\/ld+json\" class=\"yoast-schema-graph\">{\"@context\":\"https:\/\/schema.org\",\"@graph\":[{\"@type\":\"WebPage\",\"@id\":\"https:\/\/pierremacario.fr\/index.php\/contact-et-prise-de-rendez-vous\/\",\"url\":\"https:\/\/pierremacario.fr\/index.php\/contact-et-prise-de-rendez-vous\/\",\"name\":\"Contact et prise de rendez-vous\",\"isPartOf\":{\"@id\":\"https:\/\/pierremacario.fr\/#website\"},\"primaryImageOfPage\":{\"@id\":\"https:\/\/pierremacario.fr\/index.php\/contact-et-prise-de-rendez-vous\/#primaryimage\"},\"image\":{\"@id\":\"https:\/\/pierremacario.fr\/index.php\/contact-et-prise-de-rendez-vous\/#primaryimage\"},\"thumbnailUrl\":\"https:\/\/pierremacario.fr\/wp-content\/uploads\/2025\/02\/Cabinet-1024x558.png\",\"datePublished\":\"2024-09-21T13:51:39+00:00\",\"dateModified\":\"2025-03-29T23:50:25+00:00\",\"description\":\"Pour prendre rendez-vous, vous pouvez me contacter par t\u00e9l\u00e9phone au 06 61 08 18 08 ou par email \u00e0 pierre.macario@yahoo.fr\",\"breadcrumb\":{\"@id\":\"https:\/\/pierremacario.fr\/index.php\/contact-et-prise-de-rendez-vous\/#breadcrumb\"},\"inLanguage\":\"fr-FR\",\"potentialAction\":[{\"@type\":\"ReadAction\",\"target\":[\"https:\/\/pierremacario.fr\/index.php\/contact-et-prise-de-rendez-vous\/\"]}]},{\"@type\":\"ImageObject\",\"inLanguage\":\"fr-FR\",\"@id\":\"https:\/\/pierremacario.fr\/index.php\/contact-et-prise-de-rendez-vous\/#primaryimage\",\"url\":\"https:\/\/pierremacario.fr\/wp-content\/uploads\/2025\/02\/Cabinet.png\",\"contentUrl\":\"https:\/\/pierremacario.fr\/wp-content\/uploads\/2025\/02\/Cabinet.png\",\"width\":1700,\"height\":927},{\"@type\":\"BreadcrumbList\",\"@id\":\"https:\/\/pierremacario.fr\/index.php\/contact-et-prise-de-rendez-vous\/#breadcrumb\",\"itemListElement\":[{\"@type\":\"ListItem\",\"position\":1,\"name\":\"Accueil\",\"item\":\"https:\/\/pierremacario.fr\/\"},{\"@type\":\"ListItem\",\"position\":2,\"name\":\"Contact\"}]},{\"@type\":\"WebSite\",\"@id\":\"https:\/\/pierremacario.fr\/#website\",\"url\":\"https:\/\/pierremacario.fr\/\",\"name\":\"Pierre Macario - Psychologue Toulouse Carmes -\",\"description\":\"Psychoth\u00e9rapie int\u00e9grative adultes \u00e0 Toulouse &amp; en visio\",\"potentialAction\":[{\"@type\":\"SearchAction\",\"target\":{\"@type\":\"EntryPoint\",\"urlTemplate\":\"https:\/\/pierremacario.fr\/?s={search_term_string}\"},\"query-input\":{\"@type\":\"PropertyValueSpecification\",\"valueRequired\":true,\"valueName\":\"search_term_string\"}}],\"inLanguage\":\"fr-FR\"}]}<\/script>\n<!-- \/ Yoast SEO plugin. -->","yoast_head_json":{"title":"Contact et prise de rendez-vous","description":"Pour prendre rendez-vous, vous pouvez me contacter par t\u00e9l\u00e9phone au 06 61 08 18 08 ou par email \u00e0 pierre.macario@yahoo.fr","robots":{"index":"index","follow":"follow","max-snippet":"max-snippet:-1","max-image-preview":"max-image-preview:large","max-video-preview":"max-video-preview:-1"},"canonical":"https:\/\/pierremacario.fr\/index.php\/contact-et-prise-de-rendez-vous\/","og_locale":"fr_FR","og_type":"article","og_title":"Contact et prise de rendez-vous","og_description":"Pour prendre rendez-vous, vous pouvez me contacter par t\u00e9l\u00e9phone au 06 61 08 18 08 ou par email \u00e0 pierre.macario@yahoo.fr","og_url":"https:\/\/pierremacario.fr\/index.php\/contact-et-prise-de-rendez-vous\/","og_site_name":"Psychologue Toulouse Carmes","article_modified_time":"2025-03-29T23:50:25+00:00","og_image":[{"url":"https:\/\/pierremacario.fr\/wp-content\/uploads\/2025\/02\/Cabinet-1024x558.png","type":"","width":"","height":""}],"twitter_card":"summary_large_image","twitter_misc":{"Dur\u00e9e de lecture estim\u00e9e":"2 minutes"},"schema":{"@context":"https:\/\/schema.org","@graph":[{"@type":"WebPage","@id":"https:\/\/pierremacario.fr\/index.php\/contact-et-prise-de-rendez-vous\/","url":"https:\/\/pierremacario.fr\/index.php\/contact-et-prise-de-rendez-vous\/","name":"Contact et prise de rendez-vous","isPartOf":{"@id":"https:\/\/pierremacario.fr\/#website"},"primaryImageOfPage":{"@id":"https:\/\/pierremacario.fr\/index.php\/contact-et-prise-de-rendez-vous\/#primaryimage"},"image":{"@id":"https:\/\/pierremacario.fr\/index.php\/contact-et-prise-de-rendez-vous\/#primaryimage"},"thumbnailUrl":"https:\/\/pierremacario.fr\/wp-content\/uploads\/2025\/02\/Cabinet-1024x558.png","datePublished":"2024-09-21T13:51:39+00:00","dateModified":"2025-03-29T23:50:25+00:00","description":"Pour prendre rendez-vous, vous pouvez me contacter par t\u00e9l\u00e9phone au 06 61 08 18 08 ou par email \u00e0 pierre.macario@yahoo.fr","breadcrumb":{"@id":"https:\/\/pierremacario.fr\/index.php\/contact-et-prise-de-rendez-vous\/#breadcrumb"},"inLanguage":"fr-FR","potentialAction":[{"@type":"ReadAction","target":["https:\/\/pierremacario.fr\/index.php\/contact-et-prise-de-rendez-vous\/"]}]},{"@type":"ImageObject","inLanguage":"fr-FR","@id":"https:\/\/pierremacario.fr\/index.php\/contact-et-prise-de-rendez-vous\/#primaryimage","url":"https:\/\/pierremacario.fr\/wp-content\/uploads\/2025\/02\/Cabinet.png","contentUrl":"https:\/\/pierremacario.fr\/wp-content\/uploads\/2025\/02\/Cabinet.png","width":1700,"height":927},{"@type":"BreadcrumbList","@id":"https:\/\/pierremacario.fr\/index.php\/contact-et-prise-de-rendez-vous\/#breadcrumb","itemListElement":[{"@type":"ListItem","position":1,"name":"Accueil","item":"https:\/\/pierremacario.fr\/"},{"@type":"ListItem","position":2,"name":"Contact"}]},{"@type":"WebSite","@id":"https:\/\/pierremacario.fr\/#website","url":"https:\/\/pierremacario.fr\/","name":"Pierre Macario - Psychologue Toulouse Carmes -","description":"Psychoth\u00e9rapie int\u00e9grative adultes \u00e0 Toulouse &amp; en visio","potentialAction":[{"@type":"SearchAction","target":{"@type":"EntryPoint","urlTemplate":"https:\/\/pierremacario.fr\/?s={search_term_string}"},"query-input":{"@type":"PropertyValueSpecification","valueRequired":true,"valueName":"search_term_string"}}],"inLanguage":"fr-FR"}]}},"_links":{"self":[{"href":"https:\/\/pierremacario.fr\/index.php\/wp-json\/wp\/v2\/pages\/5131","targetHints":{"allow":["GET"]}}],"collection":[{"href":"https:\/\/pierremacario.fr\/index.php\/wp-json\/wp\/v2\/pages"}],"about":[{"href":"https:\/\/pierremacario.fr\/index.php\/wp-json\/wp\/v2\/types\/page"}],"author":[{"embeddable":true,"href":"https:\/\/pierremacario.fr\/index.php\/wp-json\/wp\/v2\/users\/1"}],"replies":[{"embeddable":true,"href":"https:\/\/pierremacario.fr\/index.php\/wp-json\/wp\/v2\/comments?post=5131"}],"version-history":[{"count":189,"href":"https:\/\/pierremacario.fr\/index.php\/wp-json\/wp\/v2\/pages\/5131\/revisions"}],"predecessor-version":[{"id":7623,"href":"https:\/\/pierremacario.fr\/index.php\/wp-json\/wp\/v2\/pages\/5131\/revisions\/7623"}],"wp:attachment":[{"href":"https:\/\/pierremacario.fr\/index.php\/wp-json\/wp\/v2\/media?parent=5131"}],"curies":[{"name":"wp","href":"https:\/\/api.w.org\/{rel}","templated":true}]}}